{"id":3014,"date":"2025-08-19T12:51:47","date_gmt":"2025-08-19T15:51:47","guid":{"rendered":"https:\/\/martaalilab.com.ar\/tienda\/?post_type=product&#038;p=3014"},"modified":"2025-08-19T12:52:17","modified_gmt":"2025-08-19T15:52:17","slug":"super-humectante-corporal","status":"publish","type":"product","link":"https:\/\/martaalilab.com.ar\/tienda\/producto\/super-humectante-corporal\/","title":{"rendered":"SUPER HUMECTANTE CORPORAL"},"content":{"rendered":"<h6><strong>BENEFICIOS<\/strong><\/h6>\n<ol>\n<li>Revitalizadora y protectora de la piel<\/li>\n<li>Humectante y suavizante<\/li>\n<\/ol>\n<p><span style=\"font-size: 16px;\">Entre sus componentes: destacamos a los Fitoesteroles, que favorecen el recambio epid\u00e9rmico. Estos producen una pel\u00edcula lip\u00eddica muy delgada sobre el estrato c\u00f3rneo con un efecto emoliente y protector. Al mismo tiempo est\u00e1 demostrada su enorme capacidad como instrumento para incrementar el nivel de col\u00e1geno tipo I.<\/span><\/p>\n<h6><strong>INDICACIONES<\/strong><\/h6>\n<p>Est\u00e1 indicada para todos los que requieran una mejor\u00eda de la piel senil y fr\u00e1gil regener\u00e1ndolas. Aportando un incremento acuoso en las capas superficiales de la epidermis, permitiendo detectar un importante aumento en la elasticidad de los tejidos.<\/p>\n<h6><strong>CONTIENE<\/strong><\/h6>\n<p>AHA y Fitoesteroles<\/p>\n","protected":false},"excerpt":{"rendered":"<p>Emulsi\u00f3n para el tratamiento de cicatrices<\/p>\n<p>&nbsp;<\/p>\n","protected":false},"featured_media":0,"template":"","meta":{"_uag_custom_page_level_css":"","site-sidebar-layout":"default","site-content-layout":"","ast-site-content-layout":"default","site-content-style":"default","site-sidebar-style":"default","ast-global-header-display":"","ast-banner-title-visibility":"","ast-main-header-display":"","ast-hfb-above-header-display":"","ast-hfb-below-header-display":"","ast-hfb-mobile-header-display":"","site-post-title":"","ast-breadcrumbs-content":"","ast-featured-img":"","footer-sml-layout":"","ast-disable-related-posts":"","theme-transparent-header-meta":"default","adv-header-id-meta":"","stick-header-meta":"","header-above-stick-meta":"","header-main-stick-meta":"","header-below-stick-meta":"","astra-migrate-meta-layouts":"set","ast-page-background-enabled":"default","ast-page-background-meta":{"desktop":{"background-color":"var(--ast-global-color-4)","background-image":"","background-repeat":"repeat","background-position":"center center","background-size":"auto","background-attachment":"scroll","background-type":"","background-media":"","overlay-type":"","overlay-color":"","overlay-opacity":"","overlay-gradient":""},"tablet":{"background-color":"","background-image":"","background-repeat":"repeat","background-position":"center center","background-size":"auto","background-attachment":"scroll","background-type":"","background-media":"","overlay-type":"","overlay-color":"","overlay-opacity":"","overlay-gradient":""},"mobile":{"background-color":"","background-image":"","background-repeat":"repeat","background-position":"center center","background-size":"auto","background-attachment":"scroll","background-type":"","background-media":"","overlay-type":"","overlay-color":"","overlay-opacity":"","overlay-gradient":""}},"ast-content-background-meta":{"desktop":{"background-color":"var(--ast-global-color-5)","background-image":"","background-repeat":"repeat","background-position":"center center","background-size":"auto","background-attachment":"scroll","background-type":"","background-media":"","overlay-type":"","overlay-color":"","overlay-opacity":"","overlay-gradient":""},"tablet":{"background-color":"var(--ast-global-color-5)","background-image":"","background-repeat":"repeat","background-position":"center center","background-size":"auto","background-attachment":"scroll","background-type":"","background-media":"","overlay-type":"","overlay-color":"","overlay-opacity":"","overlay-gradient":""},"mobile":{"background-color":"var(--ast-global-color-5)","background-image":"","background-repeat":"repeat","background-position":"center center","background-size":"auto","background-attachment":"scroll","background-type":"","background-media":"","overlay-type":"","overlay-color":"","overlay-opacity":"","overlay-gradient":""}},"_joinchat":[]},"product_brand":[],"product_cat":[40],"product_tag":[37],"class_list":{"0":"post-3014","1":"product","2":"type-product","3":"status-publish","5":"product_cat-corporal","6":"product_tag-mira-dror","7":"desktop-align-left","8":"tablet-align-left","9":"mobile-align-left","11":"first","12":"instock","13":"taxable","14":"shipping-taxable","15":"product-type-grouped"},"uagb_featured_image_src":{"full":false,"thumbnail":false,"medium":false,"medium_large":false,"large":false,"1536x1536":false,"2048x2048":false,"woocommerce_thumbnail":false,"woocommerce_single":false,"woocommerce_gallery_thumbnail":false},"uagb_author_info":{"display_name":"Marta","author_link":"https:\/\/martaalilab.com.ar\/tienda\/author\/"},"uagb_comment_info":0,"uagb_excerpt":"Emulsi\u00f3n para el tratamiento de cicatrices &nbsp;","_links":{"self":[{"href":"https:\/\/martaalilab.com.ar\/tienda\/wp-json\/wp\/v2\/product\/3014","targetHints":{"allow":["GET"]}}],"collection":[{"href":"https:\/\/martaalilab.com.ar\/tienda\/wp-json\/wp\/v2\/product"}],"about":[{"href":"https:\/\/martaalilab.com.ar\/tienda\/wp-json\/wp\/v2\/types\/product"}],"wp:attachment":[{"href":"https:\/\/martaalilab.com.ar\/tienda\/wp-json\/wp\/v2\/media?parent=3014"}],"wp:term":[{"taxonomy":"product_brand","embeddable":true,"href":"https:\/\/martaalilab.com.ar\/tienda\/wp-json\/wp\/v2\/product_brand?post=3014"},{"taxonomy":"product_cat","embeddable":true,"href":"https:\/\/martaalilab.com.ar\/tienda\/wp-json\/wp\/v2\/product_cat?post=3014"},{"taxonomy":"product_tag","embeddable":true,"href":"https:\/\/martaalilab.com.ar\/tienda\/wp-json\/wp\/v2\/product_tag?post=3014"}],"curies":[{"name":"wp","href":"https:\/\/api.w.org\/{rel}","templated":true}]}}