{"id":2934,"date":"2025-07-28T13:45:57","date_gmt":"2025-07-28T16:45:57","guid":{"rendered":"https:\/\/martaalilab.com.ar\/tienda\/?post_type=product&#038;p=2934"},"modified":"2025-07-28T13:46:42","modified_gmt":"2025-07-28T16:46:42","slug":"suero-edad","status":"publish","type":"product","link":"https:\/\/martaalilab.com.ar\/tienda\/producto\/suero-edad\/","title":{"rendered":"SUERO EDAD"},"content":{"rendered":"<div class=\"product-section\">\n<div class=\"row\">\n<div class=\"large-2 col pb-0 mb-0\">\n<p>Reparador Nocturno para todo tipo de cutis<\/p>\n<p>Especial para zona contorno de Ojos. Lipodistrofia de p\u00e1rpados<\/p>\n<p>Descongestivo<\/p>\n<p>No contienes Parabenos. Apto para Cel\u00edacos<\/p>\n<h6 class=\"uppercase mt\"><strong>BENEFICIOS<\/strong><\/h6>\n<\/div>\n<div class=\"large-10 col pb-0 mb-0\">\n<div class=\"panel entry-content\">\n<p>La aplicaci\u00f3n en tratamientos diarios de Suero Edad asisten en la reversi\u00f3n de la acumulaci\u00f3n de l\u00edquidos superfluos en zona de p\u00e1rpados.<\/p>\n<\/div>\n<\/div>\n<\/div>\n<\/div>\n<div class=\"product-section\">\n<div class=\"row\">\n<div class=\"large-2 col pb-0 mb-0\">\n<h6 class=\"uppercase mt\"><strong>INDICACIONES<\/strong><\/h6>\n<\/div>\n<div class=\"large-10 col pb-0 mb-0\">\n<div class=\"panel entry-content\">\n<p>Bolsas Palpebrales, lipodistrofia y tratamientos pre-post quir\u00fargicos.<\/p>\n<\/div>\n<\/div>\n<\/div>\n<\/div>\n<div class=\"product-section\">\n<div class=\"row\">\n<div class=\"large-2 col pb-0 mb-0\">\n<h6 class=\"uppercase mt\"><strong>\u00cdNDICE DE EFIC\u00c1CIA<\/strong><\/h6>\n<\/div>\n<div class=\"large-10 col pb-0 mb-0\">\n<div class=\"panel entry-content\">\n<ol>\n<li>Acci\u00f3n Descongestiva: \u00a0ALTA<\/li>\n<li>Capacidad reparadora : M\u00c1XIMA<\/li>\n<li>Aporte de hidrataci\u00f3n : ALTA<\/li>\n<li>Acci\u00f3n protectora: ALTA<\/li>\n<li>Efecto Lifting \/ Acci\u00f3n antiage : ALTA<\/li>\n<li>After Feel (sensaci\u00f3n de placer luego de la aplicaci\u00f3n): ALTA<\/li>\n<li>Oleosidad: BAJA<\/li>\n<li>Tolerancia: M\u00c1XIMA<\/li>\n<\/ol>\n<\/div>\n<\/div>\n<\/div>\n<\/div>\n<div class=\"product-section\">\n<div class=\"row\">\n<div class=\"large-2 col pb-0 mb-0\">\n<h6 class=\"uppercase mt\"><strong>ACTIVO DESTACADO<\/strong><\/h6>\n<\/div>\n<div class=\"large-10 col pb-0 mb-0\">\n<div class=\"panel entry-content\">\n<p>Los Acetyl Tetrap\u00e9ptidos son mol\u00e9culas con alta capacidad de provocar equilibrio tanto extra como intra c\u00e9lula, controlan el proceso de Inflamm-aging y el funcionamiento an\u00f3malo de la matriz extra celular. Este p\u00e9ptido se une a una de las prote\u00ednas superoxidodismutasas (SOD) implicadas en la \u201cglicaci\u00f3n\u201d impidiendo la degradaci\u00f3n del contenido intercelular. Disminuye la permeabilidad de los vasos sangu\u00edneos y la cantidad de l\u00edquidos (hidrosolubles y liposolubles) que se acumulan en el espacio entre c\u00e9lulas causantes de edema, hinchaz\u00f3n, lipodistrofia ademas de contar con otro p\u00e9ptido importante entre tantos como el\u00a0<em>ACETYL DIPEPTIDE 1 -PRO OPIOIDE- implicado en la\u00a0\u00a0<\/em>expresi\u00f3n y s\u00edntesis de proendorfinas, placer y confort para la piel agredida.<\/p>\n<\/div>\n<\/div>\n<\/div>\n<\/div>\n","protected":false},"excerpt":{"rendered":"<p>Lipodistrofia y edema de p\u00e1rpados<\/p>\n<p>TIPOS DE PIEL: Joven \/ Maduro \/ Normal \/ Sensible &#8211; Delicado<\/p>\n","protected":false},"featured_media":0,"template":"","meta":{"_uag_custom_page_level_css":"","site-sidebar-layout":"default","site-content-layout":"","ast-site-content-layout":"default","site-content-style":"default","site-sidebar-style":"default","ast-global-header-display":"","ast-banner-title-visibility":"","ast-main-header-display":"","ast-hfb-above-header-display":"","ast-hfb-below-header-display":"","ast-hfb-mobile-header-display":"","site-post-title":"","ast-breadcrumbs-content":"","ast-featured-img":"","footer-sml-layout":"","ast-disable-related-posts":"","theme-transparent-header-meta":"default","adv-header-id-meta":"","stick-header-meta":"","header-above-stick-meta":"","header-main-stick-meta":"","header-below-stick-meta":"","astra-migrate-meta-layouts":"set","ast-page-background-enabled":"default","ast-page-background-meta":{"desktop":{"background-color":"var(--ast-global-color-4)","background-image":"","background-repeat":"repeat","background-position":"center center","background-size":"auto","background-attachment":"scroll","background-type":"","background-media":"","overlay-type":"","overlay-color":"","overlay-opacity":"","overlay-gradient":""},"tablet":{"background-color":"","background-image":"","background-repeat":"repeat","background-position":"center center","background-size":"auto","background-attachment":"scroll","background-type":"","background-media":"","overlay-type":"","overlay-color":"","overlay-opacity":"","overlay-gradient":""},"mobile":{"background-color":"","background-image":"","background-repeat":"repeat","background-position":"center center","background-size":"auto","background-attachment":"scroll","background-type":"","background-media":"","overlay-type":"","overlay-color":"","overlay-opacity":"","overlay-gradient":""}},"ast-content-background-meta":{"desktop":{"background-color":"var(--ast-global-color-5)","background-image":"","background-repeat":"repeat","background-position":"center center","background-size":"auto","background-attachment":"scroll","background-type":"","background-media":"","overlay-type":"","overlay-color":"","overlay-opacity":"","overlay-gradient":""},"tablet":{"background-color":"var(--ast-global-color-5)","background-image":"","background-repeat":"repeat","background-position":"center center","background-size":"auto","background-attachment":"scroll","background-type":"","background-media":"","overlay-type":"","overlay-color":"","overlay-opacity":"","overlay-gradient":""},"mobile":{"background-color":"var(--ast-global-color-5)","background-image":"","background-repeat":"repeat","background-position":"center center","background-size":"auto","background-attachment":"scroll","background-type":"","background-media":"","overlay-type":"","overlay-color":"","overlay-opacity":"","overlay-gradient":""}},"_joinchat":[]},"product_brand":[],"product_cat":[30],"product_tag":[37],"class_list":{"0":"post-2934","1":"product","2":"type-product","3":"status-publish","5":"product_cat-facial","6":"product_tag-mira-dror","7":"desktop-align-left","8":"tablet-align-left","9":"mobile-align-left","11":"first","12":"instock","13":"taxable","14":"shipping-taxable","15":"product-type-grouped"},"uagb_featured_image_src":{"full":false,"thumbnail":false,"medium":false,"medium_large":false,"large":false,"1536x1536":false,"2048x2048":false,"woocommerce_thumbnail":false,"woocommerce_single":false,"woocommerce_gallery_thumbnail":false},"uagb_author_info":{"display_name":"Marta","author_link":"https:\/\/martaalilab.com.ar\/tienda\/author\/"},"uagb_comment_info":0,"uagb_excerpt":"Lipodistrofia y edema de p\u00e1rpados TIPOS DE PIEL: Joven \/ Maduro \/ Normal \/ Sensible - Delicado","_links":{"self":[{"href":"https:\/\/martaalilab.com.ar\/tienda\/wp-json\/wp\/v2\/product\/2934","targetHints":{"allow":["GET"]}}],"collection":[{"href":"https:\/\/martaalilab.com.ar\/tienda\/wp-json\/wp\/v2\/product"}],"about":[{"href":"https:\/\/martaalilab.com.ar\/tienda\/wp-json\/wp\/v2\/types\/product"}],"wp:attachment":[{"href":"https:\/\/martaalilab.com.ar\/tienda\/wp-json\/wp\/v2\/media?parent=2934"}],"wp:term":[{"taxonomy":"product_brand","embeddable":true,"href":"https:\/\/martaalilab.com.ar\/tienda\/wp-json\/wp\/v2\/product_brand?post=2934"},{"taxonomy":"product_cat","embeddable":true,"href":"https:\/\/martaalilab.com.ar\/tienda\/wp-json\/wp\/v2\/product_cat?post=2934"},{"taxonomy":"product_tag","embeddable":true,"href":"https:\/\/martaalilab.com.ar\/tienda\/wp-json\/wp\/v2\/product_tag?post=2934"}],"curies":[{"name":"wp","href":"https:\/\/api.w.org\/{rel}","templated":true}]}}