{"id":2929,"date":"2025-07-28T13:36:19","date_gmt":"2025-07-28T16:36:19","guid":{"rendered":"https:\/\/martaalilab.com.ar\/tienda\/?post_type=product&#038;p=2929"},"modified":"2025-07-28T13:36:47","modified_gmt":"2025-07-28T16:36:47","slug":"suero-deeper-face","status":"publish","type":"product","link":"https:\/\/martaalilab.com.ar\/tienda\/producto\/suero-deeper-face\/","title":{"rendered":"SUERO DEEPER FACE"},"content":{"rendered":"<div class=\"product-section\">\n<div class=\"row\">\n<div class=\"large-2 col pb-0 mb-0\">\n<h6 class=\"uppercase mt\"><strong>BENEFICIOS<\/strong><\/h6>\n<\/div>\n<div class=\"large-10 col pb-0 mb-0\">\n<div class=\"panel entry-content\">\n<p>Acci\u00f3n conjunta y acoplada de control y reparaci\u00f3n total en controno de ojos.<\/p>\n<p>Suero Deeper Face trata:<\/p>\n<ol>\n<li>Coraza protectora frente a la radiaci\u00f3n nociva UV + H.E.V. \u2013 Blue Lights\u00a0 (Dispositivos electr\u00f3nicos )<\/li>\n<li>Antioxidante: Neutraliza el stress oxidativo<\/li>\n<li>Antiinflamatorio: Elimina la inflamaci\u00f3n cr\u00f3nica \u201c<em>Nonstop<\/em>\u00a0<em>Inflamm-Aging<\/em>\u201d responsable del envejecimiento<\/li>\n<li>Favorece la formaci\u00f3n de un tono cut\u00e1neo homog\u00e9neo vivo: Elimina el color p\u00e1lido de la piel y revela una coloraci\u00f3n saludable, neutralizando todas las diferencias de pigmento en el \u00e1rea<\/li>\n<li>Disminuye el halo oscuro en ment\u00f3n y contorno de boca, com\u00fan en las pieles morenas y cetrinas<\/li>\n<li>Tambi\u00e9n se recomienda su aplicaci\u00f3n en todo el rostro como estrategia antiage + color saludable en pieles maduras<\/li>\n<\/ol>\n<p><strong><span style=\"font-size: 1.2em;\">INDICACIONES<\/span><\/strong><\/p>\n<\/div>\n<\/div>\n<\/div>\n<\/div>\n<div class=\"product-section\">\n<div class=\"row\">\n<div class=\"large-10 col pb-0 mb-0\">\n<div class=\"panel entry-content\">\n<p>Se puede aplicar en cualquier momento del d\u00eda sobre piel limpia y seca\u00a0 \u2013 No se retira -Aplicar con leve tecleo.<\/p>\n<p>Si tu contorno de ojos presenta bolsas + ojeras + arrugas + edema, y busc\u00e1s una reparaci\u00f3n total, Suero Deeper Face es ideal para vos. Se trata de un producto innovador de \u00faltima biotecnolog\u00eda que ofrece soluciones acopladas para todas la afecciones en un solo paso.<\/p>\n<p>Como valor agregado, se puede extender a todo el rostro en caso de manchas, \u00a0arrugas y color apagado, \u00a0y as\u00ed logar rejuvenecer en conjunto.<\/p>\n<p>se desaconseja el uso en pieles muy sensibles.<\/p>\n<\/div>\n<\/div>\n<\/div>\n<\/div>\n<div class=\"product-section\">\n<div class=\"row\">\n<div class=\"large-2 col pb-0 mb-0\">\n<h6 class=\"uppercase mt\"><strong>\u00cdNDICE DE EFIC\u00c1CIA<\/strong><\/h6>\n<\/div>\n<div class=\"large-10 col pb-0 mb-0\">\n<div class=\"panel entry-content\">\n<ol>\n<li>Reparaci\u00f3n d\u00e9rmica en zona contorno de ojos: M\u00c1XIMA<\/li>\n<li>Tratamiento de ojeras \/ halo oscuro \/ edema de p\u00e1rpados : M\u00c1XIMA<\/li>\n<li>Capacidad antioxidante: M\u00c1XIMA<\/li>\n<li>Aporte de hidrataci\u00f3n : ALTA<\/li>\n<li>Reparaci\u00f3n de Dark Spot y manchas:\u00a0ALTA<\/li>\n<li>Efecto Antiarrugas: ALTA<\/li>\n<li>After Feel (sensaci\u00f3n de placer luego de la aplicaci\u00f3n): ALTA<\/li>\n<li>Oleosidad: INTERMEDIA<\/li>\n<li>Tolerancia: INTERMEDIA \/ BAJA<\/li>\n<\/ol>\n<\/div>\n<\/div>\n<\/div>\n<\/div>\n<div class=\"product-section\">\n<div class=\"row\">\n<div class=\"large-2 col pb-0 mb-0\">\n<h6 class=\"uppercase mt\"><strong>SENSORIALIDAD -AFTER FEEL &#8211;<\/strong><\/h6>\n<\/div>\n<div class=\"large-10 col pb-0 mb-0\">\n<div class=\"panel entry-content\">\n<p><u>IMPACTO SENSORIAL INMEDIATO LUEGO DE LA PRIMERA APLICACI\u00d3N:<\/u><\/p>\n<p><u>Aclaraci\u00f3n del halo oscuro\u00a0 \/ iluminosidad \/ Descongesi\u00f3n del edema<\/u><\/p>\n<p><u>Correcci\u00f3n del tono cut\u00e1neo<\/u><u>.<\/u><\/p>\n<p><strong>\u00a0<\/strong><span style=\"font-size: 1.2em; font-weight: bold;\">ACTIVO DESTACADO<\/span><\/p>\n<\/div>\n<\/div>\n<\/div>\n<\/div>\n<div class=\"product-section\">\n<div class=\"row\">\n<div class=\"large-10 col pb-0 mb-0\">\n<div class=\"panel entry-content\">\n<p>La niacina (vitamina B-3) tambien denominada niacinamida o nicotinamida, es una coenzima que ayuda a la ruptura de carbohidratos, grasas y prote\u00ednas, es esencial para la salud de la piel como \u00f3rgano nervioso y en la s\u00edntesis de algunas hormonas.<\/p>\n<h6><strong>Acci\u00f3n Multifactorial en la piel.<\/strong><\/h6>\n<p>Es fundamental para el crecimiento de los tejidos y el control del proceso inflamatorio.<\/p>\n<p>Indicaci\u00f3n pieles sensibles, de acci\u00f3n anti-inflamatoria (inhibe al Factor Kappa y as\u00ed las citoquinas pro-inflamatorias como IL-1 beta, IL-6, IL-8 y TNF- \u03b18)<\/p>\n<p>Mejora la integridad y la funci\u00f3n de la barrera epid\u00e9rmica, preserva la s\u00edntesis de ceramidas, repara su estructura y as\u00ed disminuye la p\u00e9rdida de agua transepid\u00e9rmica, mejorando la hidrataci\u00f3n.<\/p>\n<p>Act\u00faa en hiperpigmentaci\u00f3n impidiendo que el pigmento formado en los melanocitos pase a los queratinocitos.<\/p>\n<p>Proporciona reparaci\u00f3n celular e inhibe el da\u00f1o enterno que induce al envejecimiento.<\/p>\n<\/div>\n<\/div>\n<\/div>\n<\/div>\n<div class=\"product-section\">\n<div class=\"row\">\n<div class=\"large-2 col pb-0 mb-0\">\n<h6 class=\"uppercase mt\"><strong>TOLERANCIA<\/strong><\/h6>\n<\/div>\n<div class=\"large-10 col pb-0 mb-0\">\n<div class=\"panel entry-content\">\n<p>En pieles sensibles y extra sensibles se han manifestado algunos casos de intolerancia y reacciones cut\u00e1neas como rojes y picor a unos de sus ingredientes especialmente el Carot Complex y la Niacinamida. Es por ese motivo que se desaconseja el uso de este producto en pieles muy sensibles.<\/p>\n<p>Protector diurno 24\/7<\/p>\n<p>Reparador nocturno 24\/7<\/p>\n<p>No contiene Parabenos. Apto para cel\u00edacos<\/p>\n<\/div>\n<\/div>\n<\/div>\n<\/div>\n","protected":false},"excerpt":{"rendered":"<p>Reparador de contorno de ojo -Control del inflamm-aging<\/p>\n<p>TIPOS DE PIEL: Joven \/ Maduro \/ Normal \/ Seco \/ Sensible &#8211; Delicado<\/p>\n","protected":false},"featured_media":0,"template":"","meta":{"_uag_custom_page_level_css":"","site-sidebar-layout":"default","site-content-layout":"","ast-site-content-layout":"default","site-content-style":"default","site-sidebar-style":"default","ast-global-header-display":"","ast-banner-title-visibility":"","ast-main-header-display":"","ast-hfb-above-header-display":"","ast-hfb-below-header-display":"","ast-hfb-mobile-header-display":"","site-post-title":"","ast-breadcrumbs-content":"","ast-featured-img":"","footer-sml-layout":"","ast-disable-related-posts":"","theme-transparent-header-meta":"default","adv-header-id-meta":"","stick-header-meta":"","header-above-stick-meta":"","header-main-stick-meta":"","header-below-stick-meta":"","astra-migrate-meta-layouts":"set","ast-page-background-enabled":"default","ast-page-background-meta":{"desktop":{"background-color":"var(--ast-global-color-4)","background-image":"","background-repeat":"repeat","background-position":"center center","background-size":"auto","background-attachment":"scroll","background-type":"","background-media":"","overlay-type":"","overlay-color":"","overlay-opacity":"","overlay-gradient":""},"tablet":{"background-color":"","background-image":"","background-repeat":"repeat","background-position":"center center","background-size":"auto","background-attachment":"scroll","background-type":"","background-media":"","overlay-type":"","overlay-color":"","overlay-opacity":"","overlay-gradient":""},"mobile":{"background-color":"","background-image":"","background-repeat":"repeat","background-position":"center center","background-size":"auto","background-attachment":"scroll","background-type":"","background-media":"","overlay-type":"","overlay-color":"","overlay-opacity":"","overlay-gradient":""}},"ast-content-background-meta":{"desktop":{"background-color":"var(--ast-global-color-5)","background-image":"","background-repeat":"repeat","background-position":"center center","background-size":"auto","background-attachment":"scroll","background-type":"","background-media":"","overlay-type":"","overlay-color":"","overlay-opacity":"","overlay-gradient":""},"tablet":{"background-color":"var(--ast-global-color-5)","background-image":"","background-repeat":"repeat","background-position":"center center","background-size":"auto","background-attachment":"scroll","background-type":"","background-media":"","overlay-type":"","overlay-color":"","overlay-opacity":"","overlay-gradient":""},"mobile":{"background-color":"var(--ast-global-color-5)","background-image":"","background-repeat":"repeat","background-position":"center center","background-size":"auto","background-attachment":"scroll","background-type":"","background-media":"","overlay-type":"","overlay-color":"","overlay-opacity":"","overlay-gradient":""}},"_joinchat":[]},"product_brand":[],"product_cat":[30],"product_tag":[37],"class_list":{"0":"post-2929","1":"product","2":"type-product","3":"status-publish","5":"product_cat-facial","6":"product_tag-mira-dror","7":"desktop-align-left","8":"tablet-align-left","9":"mobile-align-left","11":"first","12":"instock","13":"taxable","14":"shipping-taxable","15":"product-type-grouped"},"uagb_featured_image_src":{"full":false,"thumbnail":false,"medium":false,"medium_large":false,"large":false,"1536x1536":false,"2048x2048":false,"woocommerce_thumbnail":false,"woocommerce_single":false,"woocommerce_gallery_thumbnail":false},"uagb_author_info":{"display_name":"Marta","author_link":"https:\/\/martaalilab.com.ar\/tienda\/author\/"},"uagb_comment_info":0,"uagb_excerpt":"Reparador de contorno de ojo -Control del inflamm-aging TIPOS DE PIEL: Joven \/ Maduro \/ Normal \/ Seco \/ Sensible - Delicado","_links":{"self":[{"href":"https:\/\/martaalilab.com.ar\/tienda\/wp-json\/wp\/v2\/product\/2929","targetHints":{"allow":["GET"]}}],"collection":[{"href":"https:\/\/martaalilab.com.ar\/tienda\/wp-json\/wp\/v2\/product"}],"about":[{"href":"https:\/\/martaalilab.com.ar\/tienda\/wp-json\/wp\/v2\/types\/product"}],"wp:attachment":[{"href":"https:\/\/martaalilab.com.ar\/tienda\/wp-json\/wp\/v2\/media?parent=2929"}],"wp:term":[{"taxonomy":"product_brand","embeddable":true,"href":"https:\/\/martaalilab.com.ar\/tienda\/wp-json\/wp\/v2\/product_brand?post=2929"},{"taxonomy":"product_cat","embeddable":true,"href":"https:\/\/martaalilab.com.ar\/tienda\/wp-json\/wp\/v2\/product_cat?post=2929"},{"taxonomy":"product_tag","embeddable":true,"href":"https:\/\/martaalilab.com.ar\/tienda\/wp-json\/wp\/v2\/product_tag?post=2929"}],"curies":[{"name":"wp","href":"https:\/\/api.w.org\/{rel}","templated":true}]}}