{"id":2764,"date":"2025-04-11T17:52:59","date_gmt":"2025-04-11T20:52:59","guid":{"rendered":"https:\/\/martaalilab.com.ar\/tienda\/?post_type=product&#038;p=2764"},"modified":"2025-11-03T15:39:26","modified_gmt":"2025-11-03T18:39:26","slug":"modeladora-corporal-con-centella","status":"publish","type":"product","link":"https:\/\/martaalilab.com.ar\/tienda\/producto\/modeladora-corporal-con-centella\/","title":{"rendered":"MODELADORA CORPORAL CON CENTELLA"},"content":{"rendered":"<h6><strong><span class=\"fancy-underline\">BENEFICIOS<\/span><\/strong><\/h6>\n<ul>\n<li>Reafirmante<\/li>\n<li>Regeneradora<\/li>\n<li>Suavizante<\/li>\n<\/ul>\n<h6><strong><span class=\"fancy-underline\">\u00bfESTA INDICADO PARA MI PIEL?<\/span><\/strong><\/h6>\n<p>Esta emulsi\u00f3n est\u00e1 indicada para realizar masajes hidratantes. Tambi\u00e9n \u00a0es indicada para hacer masajes para mejorar la circulaci\u00f3n sangu\u00ednea en las piernas, despu\u00e9s de un largo d\u00eda de trabajo o de practicar alg\u00fan deporte, o simplemente cuando sentimos las piernas muy cansadas.<\/p>\n<p>Se recomienda finalizar los masajes con Gel Fr\u00edo Marino o Gel Flebo Plus..<\/p>\n","protected":false},"excerpt":{"rendered":"<p>EMULSI\u00d3N HIDRATANTE QUE MEJORA LA ELASTICIDAD Y\u00a0 TEXTURA DE LA PIEL, IDEAL PARA MASAJES.<\/p>\n<p>Para todo tipo de piel<\/p>\n<p>&nbsp;<\/p>\n<p>&nbsp;<\/p>\n","protected":false},"featured_media":3163,"template":"","meta":{"_uag_custom_page_level_css":"","site-sidebar-layout":"default","site-content-layout":"","ast-site-content-layout":"default","site-content-style":"default","site-sidebar-style":"default","ast-global-header-display":"","ast-banner-title-visibility":"","ast-main-header-display":"","ast-hfb-above-header-display":"","ast-hfb-below-header-display":"","ast-hfb-mobile-header-display":"","site-post-title":"","ast-breadcrumbs-content":"","ast-featured-img":"","footer-sml-layout":"","ast-disable-related-posts":"","theme-transparent-header-meta":"default","adv-header-id-meta":"","stick-header-meta":"","header-above-stick-meta":"","header-main-stick-meta":"","header-below-stick-meta":"","astra-migrate-meta-layouts":"set","ast-page-background-enabled":"default","ast-page-background-meta":{"desktop":{"background-color":"var(--ast-global-color-4)","background-image":"","background-repeat":"repeat","background-position":"center center","background-size":"auto","background-attachment":"scroll","background-type":"","background-media":"","overlay-type":"","overlay-color":"","overlay-opacity":"","overlay-gradient":""},"tablet":{"background-color":"","background-image":"","background-repeat":"repeat","background-position":"center center","background-size":"auto","background-attachment":"scroll","background-type":"","background-media":"","overlay-type":"","overlay-color":"","overlay-opacity":"","overlay-gradient":""},"mobile":{"background-color":"","background-image":"","background-repeat":"repeat","background-position":"center center","background-size":"auto","background-attachment":"scroll","background-type":"","background-media":"","overlay-type":"","overlay-color":"","overlay-opacity":"","overlay-gradient":""}},"ast-content-background-meta":{"desktop":{"background-color":"var(--ast-global-color-5)","background-image":"","background-repeat":"repeat","background-position":"center center","background-size":"auto","background-attachment":"scroll","background-type":"","background-media":"","overlay-type":"","overlay-color":"","overlay-opacity":"","overlay-gradient":""},"tablet":{"background-color":"var(--ast-global-color-5)","background-image":"","background-repeat":"repeat","background-position":"center center","background-size":"auto","background-attachment":"scroll","background-type":"","background-media":"","overlay-type":"","overlay-color":"","overlay-opacity":"","overlay-gradient":""},"mobile":{"background-color":"var(--ast-global-color-5)","background-image":"","background-repeat":"repeat","background-position":"center center","background-size":"auto","background-attachment":"scroll","background-type":"","background-media":"","overlay-type":"","overlay-color":"","overlay-opacity":"","overlay-gradient":""}},"_joinchat":[]},"product_brand":[],"product_cat":[40],"product_tag":[37],"class_list":{"0":"post-2764","1":"product","2":"type-product","3":"status-publish","4":"has-post-thumbnail","6":"product_cat-corporal","7":"product_tag-mira-dror","8":"desktop-align-left","9":"tablet-align-left","10":"mobile-align-left","12":"first","13":"instock","14":"taxable","15":"shipping-taxable","16":"product-type-grouped"},"uagb_featured_image_src":{"full":["https:\/\/martaalilab.com.ar\/tienda\/wp-content\/uploads\/2025\/04\/MODELADORA-CORPORAL-CON-CENTELLA-1.jpg",886,591,false],"thumbnail":["https:\/\/martaalilab.com.ar\/tienda\/wp-content\/uploads\/2025\/04\/MODELADORA-CORPORAL-CON-CENTELLA-1-150x150.jpg",150,150,true],"medium":["https:\/\/martaalilab.com.ar\/tienda\/wp-content\/uploads\/2025\/04\/MODELADORA-CORPORAL-CON-CENTELLA-1-300x200.jpg",300,200,true],"medium_large":["https:\/\/martaalilab.com.ar\/tienda\/wp-content\/uploads\/2025\/04\/MODELADORA-CORPORAL-CON-CENTELLA-1-768x512.jpg",768,512,true],"large":["https:\/\/martaalilab.com.ar\/tienda\/wp-content\/uploads\/2025\/04\/MODELADORA-CORPORAL-CON-CENTELLA-1.jpg",886,591,false],"1536x1536":["https:\/\/martaalilab.com.ar\/tienda\/wp-content\/uploads\/2025\/04\/MODELADORA-CORPORAL-CON-CENTELLA-1.jpg",886,591,false],"2048x2048":["https:\/\/martaalilab.com.ar\/tienda\/wp-content\/uploads\/2025\/04\/MODELADORA-CORPORAL-CON-CENTELLA-1.jpg",886,591,false],"woocommerce_thumbnail":["https:\/\/martaalilab.com.ar\/tienda\/wp-content\/uploads\/2025\/04\/MODELADORA-CORPORAL-CON-CENTELLA-1-300x300.jpg",300,300,true],"woocommerce_single":["https:\/\/martaalilab.com.ar\/tienda\/wp-content\/uploads\/2025\/04\/MODELADORA-CORPORAL-CON-CENTELLA-1-600x400.jpg",600,400,true],"woocommerce_gallery_thumbnail":["https:\/\/martaalilab.com.ar\/tienda\/wp-content\/uploads\/2025\/04\/MODELADORA-CORPORAL-CON-CENTELLA-1-100x100.jpg",100,100,true]},"uagb_author_info":{"display_name":"Marta","author_link":"https:\/\/martaalilab.com.ar\/tienda\/author\/"},"uagb_comment_info":0,"uagb_excerpt":"EMULSI\u00d3N HIDRATANTE QUE MEJORA LA ELASTICIDAD Y\u00a0 TEXTURA DE LA PIEL, IDEAL PARA MASAJES. Para todo tipo de piel &nbsp; &nbsp;","_links":{"self":[{"href":"https:\/\/martaalilab.com.ar\/tienda\/wp-json\/wp\/v2\/product\/2764","targetHints":{"allow":["GET"]}}],"collection":[{"href":"https:\/\/martaalilab.com.ar\/tienda\/wp-json\/wp\/v2\/product"}],"about":[{"href":"https:\/\/martaalilab.com.ar\/tienda\/wp-json\/wp\/v2\/types\/product"}],"wp:featuredmedia":[{"embeddable":true,"href":"https:\/\/martaalilab.com.ar\/tienda\/wp-json\/wp\/v2\/media\/3163"}],"wp:attachment":[{"href":"https:\/\/martaalilab.com.ar\/tienda\/wp-json\/wp\/v2\/media?parent=2764"}],"wp:term":[{"taxonomy":"product_brand","embeddable":true,"href":"https:\/\/martaalilab.com.ar\/tienda\/wp-json\/wp\/v2\/product_brand?post=2764"},{"taxonomy":"product_cat","embeddable":true,"href":"https:\/\/martaalilab.com.ar\/tienda\/wp-json\/wp\/v2\/product_cat?post=2764"},{"taxonomy":"product_tag","embeddable":true,"href":"https:\/\/martaalilab.com.ar\/tienda\/wp-json\/wp\/v2\/product_tag?post=2764"}],"curies":[{"name":"wp","href":"https:\/\/api.w.org\/{rel}","templated":true}]}}