{"id":2754,"date":"2025-04-11T17:23:23","date_gmt":"2025-04-11T20:23:23","guid":{"rendered":"https:\/\/martaalilab.com.ar\/tienda\/?post_type=product&#038;p=2754"},"modified":"2025-11-03T15:30:05","modified_gmt":"2025-11-03T18:30:05","slug":"micro-peel","status":"publish","type":"product","link":"https:\/\/martaalilab.com.ar\/tienda\/producto\/micro-peel\/","title":{"rendered":"MICRO PEEL"},"content":{"rendered":"<p class=\"lead\">Revert\u00ed la flacidez de la piel de tu cuerpo revirtiendo el envejecimiento de las prote\u00ednas responsables de la tersura y tensado de la piel, incluso en pieles con estr\u00edas y celulitis<\/p>\n<ul>\n<li>Reafirmante<\/li>\n<li>Tensora<\/li>\n<li>Anticelul\u00edtica<\/li>\n<li>\n<p class=\"uppercase\" data-animate-delay=\"500\" data-line-height=\"l\">Renovadora<\/p>\n<\/li>\n<\/ul>\n<h6 class=\"alt-font lead\"><strong>ESTA INDICADO EN MI PIEL<\/strong><\/h6>\n<p class=\"alt-font lead\">Claro que si, para revertir los signos ya presentes de flacidez, estr\u00edas y celulitis o para prevenirlos.<\/p>\n<p class=\"alt-font lead\">\u00dasalo de noche y comb\u00ednalo con Emulsi\u00f3n Cola Less de d\u00eda<\/p>\n","protected":false},"excerpt":{"rendered":"<p>Anti flacidez<\/p>\n<p>TIPO DE PIEL: Maduro \/ Piel engrosada \/ Todo tipo de piel<\/p>\n","protected":false},"featured_media":3161,"template":"","meta":{"_uag_custom_page_level_css":"","site-sidebar-layout":"default","site-content-layout":"","ast-site-content-layout":"default","site-content-style":"default","site-sidebar-style":"default","ast-global-header-display":"","ast-banner-title-visibility":"","ast-main-header-display":"","ast-hfb-above-header-display":"","ast-hfb-below-header-display":"","ast-hfb-mobile-header-display":"","site-post-title":"","ast-breadcrumbs-content":"","ast-featured-img":"","footer-sml-layout":"","ast-disable-related-posts":"","theme-transparent-header-meta":"default","adv-header-id-meta":"","stick-header-meta":"","header-above-stick-meta":"","header-main-stick-meta":"","header-below-stick-meta":"","astra-migrate-meta-layouts":"set","ast-page-background-enabled":"default","ast-page-background-meta":{"desktop":{"background-color":"var(--ast-global-color-4)","background-image":"","background-repeat":"repeat","background-position":"center center","background-size":"auto","background-attachment":"scroll","background-type":"","background-media":"","overlay-type":"","overlay-color":"","overlay-opacity":"","overlay-gradient":""},"tablet":{"background-color":"","background-image":"","background-repeat":"repeat","background-position":"center center","background-size":"auto","background-attachment":"scroll","background-type":"","background-media":"","overlay-type":"","overlay-color":"","overlay-opacity":"","overlay-gradient":""},"mobile":{"background-color":"","background-image":"","background-repeat":"repeat","background-position":"center center","background-size":"auto","background-attachment":"scroll","background-type":"","background-media":"","overlay-type":"","overlay-color":"","overlay-opacity":"","overlay-gradient":""}},"ast-content-background-meta":{"desktop":{"background-color":"var(--ast-global-color-5)","background-image":"","background-repeat":"repeat","background-position":"center center","background-size":"auto","background-attachment":"scroll","background-type":"","background-media":"","overlay-type":"","overlay-color":"","overlay-opacity":"","overlay-gradient":""},"tablet":{"background-color":"var(--ast-global-color-5)","background-image":"","background-repeat":"repeat","background-position":"center center","background-size":"auto","background-attachment":"scroll","background-type":"","background-media":"","overlay-type":"","overlay-color":"","overlay-opacity":"","overlay-gradient":""},"mobile":{"background-color":"var(--ast-global-color-5)","background-image":"","background-repeat":"repeat","background-position":"center center","background-size":"auto","background-attachment":"scroll","background-type":"","background-media":"","overlay-type":"","overlay-color":"","overlay-opacity":"","overlay-gradient":""}},"_joinchat":[]},"product_brand":[],"product_cat":[40],"product_tag":[37],"class_list":{"0":"post-2754","1":"product","2":"type-product","3":"status-publish","4":"has-post-thumbnail","6":"product_cat-corporal","7":"product_tag-mira-dror","8":"desktop-align-left","9":"tablet-align-left","10":"mobile-align-left","12":"first","13":"instock","14":"taxable","15":"shipping-taxable","16":"product-type-grouped"},"uagb_featured_image_src":{"full":["https:\/\/martaalilab.com.ar\/tienda\/wp-content\/uploads\/2025\/04\/MICRO-PEEL-1.jpg",2560,1707,false],"thumbnail":["https:\/\/martaalilab.com.ar\/tienda\/wp-content\/uploads\/2025\/04\/MICRO-PEEL-1-150x150.jpg",150,150,true],"medium":["https:\/\/martaalilab.com.ar\/tienda\/wp-content\/uploads\/2025\/04\/MICRO-PEEL-1-300x200.jpg",300,200,true],"medium_large":["https:\/\/martaalilab.com.ar\/tienda\/wp-content\/uploads\/2025\/04\/MICRO-PEEL-1-768x512.jpg",768,512,true],"large":["https:\/\/martaalilab.com.ar\/tienda\/wp-content\/uploads\/2025\/04\/MICRO-PEEL-1-1024x683.jpg",1024,683,true],"1536x1536":["https:\/\/martaalilab.com.ar\/tienda\/wp-content\/uploads\/2025\/04\/MICRO-PEEL-1-1536x1024.jpg",1536,1024,true],"2048x2048":["https:\/\/martaalilab.com.ar\/tienda\/wp-content\/uploads\/2025\/04\/MICRO-PEEL-1-2048x1366.jpg",2048,1366,true],"woocommerce_thumbnail":["https:\/\/martaalilab.com.ar\/tienda\/wp-content\/uploads\/2025\/04\/MICRO-PEEL-1-300x300.jpg",300,300,true],"woocommerce_single":["https:\/\/martaalilab.com.ar\/tienda\/wp-content\/uploads\/2025\/04\/MICRO-PEEL-1-600x400.jpg",600,400,true],"woocommerce_gallery_thumbnail":["https:\/\/martaalilab.com.ar\/tienda\/wp-content\/uploads\/2025\/04\/MICRO-PEEL-1-100x100.jpg",100,100,true]},"uagb_author_info":{"display_name":"Marta","author_link":"https:\/\/martaalilab.com.ar\/tienda\/author\/"},"uagb_comment_info":0,"uagb_excerpt":"Anti flacidez TIPO DE PIEL: Maduro \/ Piel engrosada \/ Todo tipo de piel","_links":{"self":[{"href":"https:\/\/martaalilab.com.ar\/tienda\/wp-json\/wp\/v2\/product\/2754","targetHints":{"allow":["GET"]}}],"collection":[{"href":"https:\/\/martaalilab.com.ar\/tienda\/wp-json\/wp\/v2\/product"}],"about":[{"href":"https:\/\/martaalilab.com.ar\/tienda\/wp-json\/wp\/v2\/types\/product"}],"wp:featuredmedia":[{"embeddable":true,"href":"https:\/\/martaalilab.com.ar\/tienda\/wp-json\/wp\/v2\/media\/3161"}],"wp:attachment":[{"href":"https:\/\/martaalilab.com.ar\/tienda\/wp-json\/wp\/v2\/media?parent=2754"}],"wp:term":[{"taxonomy":"product_brand","embeddable":true,"href":"https:\/\/martaalilab.com.ar\/tienda\/wp-json\/wp\/v2\/product_brand?post=2754"},{"taxonomy":"product_cat","embeddable":true,"href":"https:\/\/martaalilab.com.ar\/tienda\/wp-json\/wp\/v2\/product_cat?post=2754"},{"taxonomy":"product_tag","embeddable":true,"href":"https:\/\/martaalilab.com.ar\/tienda\/wp-json\/wp\/v2\/product_tag?post=2754"}],"curies":[{"name":"wp","href":"https:\/\/api.w.org\/{rel}","templated":true}]}}