{"id":2668,"date":"2025-03-12T12:31:07","date_gmt":"2025-03-12T15:31:07","guid":{"rendered":"https:\/\/martaalilab.com.ar\/tienda\/?post_type=product&#038;p=2668"},"modified":"2025-10-29T11:44:59","modified_gmt":"2025-10-29T14:44:59","slug":"gel-frio-plus","status":"publish","type":"product","link":"https:\/\/martaalilab.com.ar\/tienda\/producto\/gel-frio-plus\/","title":{"rendered":"GEL FRIO PLUS"},"content":{"rendered":"<h6><strong>BENEFICIOS<\/strong><\/h6>\n<ul>\n<li>Reduce el dolor desde receptores espec\u00edficos<\/li>\n<li>Controla la inflamaci\u00f3n asociada a lesiones musculares y articulares<\/li>\n<li>Estimula la circulaci\u00f3n profunda y elimina edemas<\/li>\n<li>Favorece a la mejor\u00eda de esguinces, golpes e hinchaz\u00f3n<\/li>\n<li>Elimina retenci\u00f3n de l\u00edquidos y edemas<\/li>\n<li>Efecto Cri\u00f3geno<\/li>\n<li>Activa la vasodilataci\u00f3n profunda<\/li>\n<\/ul>\n<h6><strong>CONTIENE<\/strong><\/h6>\n<p><span style=\"font-size: 16px;\">Extractos de Casta\u00f1o de la India, Hamamelis, Rusco Genina, Malva, <\/span>Manzanilla y Mentol<\/p>\n","protected":false},"excerpt":{"rendered":"<p>M\u00faltiple acci\u00f3n criog\u00e9nica<\/p>\n<p>Uso corporal en el alivio de edema, esguinces e hinchaz\u00f3n<\/p>\n","protected":false},"featured_media":3126,"template":"","meta":{"_uag_custom_page_level_css":"","site-sidebar-layout":"default","site-content-layout":"","ast-site-content-layout":"default","site-content-style":"default","site-sidebar-style":"default","ast-global-header-display":"","ast-banner-title-visibility":"","ast-main-header-display":"","ast-hfb-above-header-display":"","ast-hfb-below-header-display":"","ast-hfb-mobile-header-display":"","site-post-title":"","ast-breadcrumbs-content":"","ast-featured-img":"","footer-sml-layout":"","ast-disable-related-posts":"","theme-transparent-header-meta":"default","adv-header-id-meta":"","stick-header-meta":"","header-above-stick-meta":"","header-main-stick-meta":"","header-below-stick-meta":"","astra-migrate-meta-layouts":"set","ast-page-background-enabled":"default","ast-page-background-meta":{"desktop":{"background-color":"var(--ast-global-color-4)","background-image":"","background-repeat":"repeat","background-position":"center center","background-size":"auto","background-attachment":"scroll","background-type":"","background-media":"","overlay-type":"","overlay-color":"","overlay-opacity":"","overlay-gradient":""},"tablet":{"background-color":"","background-image":"","background-repeat":"repeat","background-position":"center center","background-size":"auto","background-attachment":"scroll","background-type":"","background-media":"","overlay-type":"","overlay-color":"","overlay-opacity":"","overlay-gradient":""},"mobile":{"background-color":"","background-image":"","background-repeat":"repeat","background-position":"center center","background-size":"auto","background-attachment":"scroll","background-type":"","background-media":"","overlay-type":"","overlay-color":"","overlay-opacity":"","overlay-gradient":""}},"ast-content-background-meta":{"desktop":{"background-color":"var(--ast-global-color-5)","background-image":"","background-repeat":"repeat","background-position":"center center","background-size":"auto","background-attachment":"scroll","background-type":"","background-media":"","overlay-type":"","overlay-color":"","overlay-opacity":"","overlay-gradient":""},"tablet":{"background-color":"var(--ast-global-color-5)","background-image":"","background-repeat":"repeat","background-position":"center center","background-size":"auto","background-attachment":"scroll","background-type":"","background-media":"","overlay-type":"","overlay-color":"","overlay-opacity":"","overlay-gradient":""},"mobile":{"background-color":"var(--ast-global-color-5)","background-image":"","background-repeat":"repeat","background-position":"center center","background-size":"auto","background-attachment":"scroll","background-type":"","background-media":"","overlay-type":"","overlay-color":"","overlay-opacity":"","overlay-gradient":""}},"_joinchat":[]},"product_brand":[],"product_cat":[40],"product_tag":[37],"class_list":{"0":"post-2668","1":"product","2":"type-product","3":"status-publish","4":"has-post-thumbnail","6":"product_cat-corporal","7":"product_tag-mira-dror","8":"desktop-align-left","9":"tablet-align-left","10":"mobile-align-left","12":"first","13":"instock","14":"taxable","15":"shipping-taxable","16":"product-type-grouped"},"uagb_featured_image_src":{"full":["https:\/\/martaalilab.com.ar\/tienda\/wp-content\/uploads\/2025\/03\/GEL-FRIO-PLUS-1-scaled.jpg",2560,1707,false],"thumbnail":["https:\/\/martaalilab.com.ar\/tienda\/wp-content\/uploads\/2025\/03\/GEL-FRIO-PLUS-1-150x150.jpg",150,150,true],"medium":["https:\/\/martaalilab.com.ar\/tienda\/wp-content\/uploads\/2025\/03\/GEL-FRIO-PLUS-1-300x200.jpg",300,200,true],"medium_large":["https:\/\/martaalilab.com.ar\/tienda\/wp-content\/uploads\/2025\/03\/GEL-FRIO-PLUS-1-768x512.jpg",768,512,true],"large":["https:\/\/martaalilab.com.ar\/tienda\/wp-content\/uploads\/2025\/03\/GEL-FRIO-PLUS-1-1024x683.jpg",1024,683,true],"1536x1536":["https:\/\/martaalilab.com.ar\/tienda\/wp-content\/uploads\/2025\/03\/GEL-FRIO-PLUS-1-1536x1024.jpg",1536,1024,true],"2048x2048":["https:\/\/martaalilab.com.ar\/tienda\/wp-content\/uploads\/2025\/03\/GEL-FRIO-PLUS-1-2048x1365.jpg",2048,1365,true],"woocommerce_thumbnail":["https:\/\/martaalilab.com.ar\/tienda\/wp-content\/uploads\/2025\/03\/GEL-FRIO-PLUS-1-300x300.jpg",300,300,true],"woocommerce_single":["https:\/\/martaalilab.com.ar\/tienda\/wp-content\/uploads\/2025\/03\/GEL-FRIO-PLUS-1-600x400.jpg",600,400,true],"woocommerce_gallery_thumbnail":["https:\/\/martaalilab.com.ar\/tienda\/wp-content\/uploads\/2025\/03\/GEL-FRIO-PLUS-1-100x100.jpg",100,100,true]},"uagb_author_info":{"display_name":"Marta","author_link":"https:\/\/martaalilab.com.ar\/tienda\/author\/"},"uagb_comment_info":0,"uagb_excerpt":"M\u00faltiple acci\u00f3n criog\u00e9nica Uso corporal en el alivio de edema, esguinces e hinchaz\u00f3n","_links":{"self":[{"href":"https:\/\/martaalilab.com.ar\/tienda\/wp-json\/wp\/v2\/product\/2668","targetHints":{"allow":["GET"]}}],"collection":[{"href":"https:\/\/martaalilab.com.ar\/tienda\/wp-json\/wp\/v2\/product"}],"about":[{"href":"https:\/\/martaalilab.com.ar\/tienda\/wp-json\/wp\/v2\/types\/product"}],"wp:featuredmedia":[{"embeddable":true,"href":"https:\/\/martaalilab.com.ar\/tienda\/wp-json\/wp\/v2\/media\/3126"}],"wp:attachment":[{"href":"https:\/\/martaalilab.com.ar\/tienda\/wp-json\/wp\/v2\/media?parent=2668"}],"wp:term":[{"taxonomy":"product_brand","embeddable":true,"href":"https:\/\/martaalilab.com.ar\/tienda\/wp-json\/wp\/v2\/product_brand?post=2668"},{"taxonomy":"product_cat","embeddable":true,"href":"https:\/\/martaalilab.com.ar\/tienda\/wp-json\/wp\/v2\/product_cat?post=2668"},{"taxonomy":"product_tag","embeddable":true,"href":"https:\/\/martaalilab.com.ar\/tienda\/wp-json\/wp\/v2\/product_tag?post=2668"}],"curies":[{"name":"wp","href":"https:\/\/api.w.org\/{rel}","templated":true}]}}