{"id":2647,"date":"2025-03-12T10:29:10","date_gmt":"2025-03-12T13:29:10","guid":{"rendered":"https:\/\/martaalilab.com.ar\/tienda\/?post_type=product&#038;p=2647"},"modified":"2025-12-17T12:50:28","modified_gmt":"2025-12-17T15:50:28","slug":"femme-60g","status":"publish","type":"product","link":"https:\/\/martaalilab.com.ar\/tienda\/producto\/femme-60g\/","title":{"rendered":"FEMME &#8211; GEL INTIMO PROTECTO Y REGENERADOR &#8211; ULTRA PROTECCI\u00d3N INTIMA"},"content":{"rendered":"<div id=\"col-1556043759\" class=\"col medium-1\/4 large-3\">\n<div class=\"col-inner\">\n<div class=\"icon-box featured-box icon-box-center text-center\">\n<div class=\"icon-box-text last-reset\">\n<ul>\n<li>Lubricante femenino<\/li>\n<li>Placer sensorial<\/li>\n<li>Higiene Intima \u2013 Antis\u00e9ptico \u2013 Antimicrobiano<\/li>\n<li>Protecci\u00f3n 24\/7<\/li>\n<\/ul>\n<\/div>\n<\/div>\n<\/div>\n<\/div>\n","protected":false},"excerpt":{"rendered":"<p>Ultra protecci\u00f3n \u00edntima \u2013 Control microbiano<\/p>\n<p>Lubricante<\/p>\n<p>Nueva f\u00f3rmula. No contiene petrolatos -100% origen vegetal y 100% natural.<\/p>\n<p>\u00c1PTO CEL\u00cdACOS.<\/p>\n<p>Presentaci\u00f3n: 60gr<\/p>\n<p>TIPOS DE PIEL: Sensible &#8211; Delicado<\/p>\n","protected":false},"featured_media":3118,"template":"","meta":{"_uag_custom_page_level_css":"","site-sidebar-layout":"default","site-content-layout":"","ast-site-content-layout":"default","site-content-style":"default","site-sidebar-style":"default","ast-global-header-display":"","ast-banner-title-visibility":"","ast-main-header-display":"","ast-hfb-above-header-display":"","ast-hfb-below-header-display":"","ast-hfb-mobile-header-display":"","site-post-title":"","ast-breadcrumbs-content":"","ast-featured-img":"","footer-sml-layout":"","ast-disable-related-posts":"","theme-transparent-header-meta":"default","adv-header-id-meta":"","stick-header-meta":"","header-above-stick-meta":"","header-main-stick-meta":"","header-below-stick-meta":"","astra-migrate-meta-layouts":"set","ast-page-background-enabled":"default","ast-page-background-meta":{"desktop":{"background-color":"var(--ast-global-color-4)","background-image":"","background-repeat":"repeat","background-position":"center center","background-size":"auto","background-attachment":"scroll","background-type":"","background-media":"","overlay-type":"","overlay-color":"","overlay-opacity":"","overlay-gradient":""},"tablet":{"background-color":"","background-image":"","background-repeat":"repeat","background-position":"center center","background-size":"auto","background-attachment":"scroll","background-type":"","background-media":"","overlay-type":"","overlay-color":"","overlay-opacity":"","overlay-gradient":""},"mobile":{"background-color":"","background-image":"","background-repeat":"repeat","background-position":"center center","background-size":"auto","background-attachment":"scroll","background-type":"","background-media":"","overlay-type":"","overlay-color":"","overlay-opacity":"","overlay-gradient":""}},"ast-content-background-meta":{"desktop":{"background-color":"var(--ast-global-color-5)","background-image":"","background-repeat":"repeat","background-position":"center center","background-size":"auto","background-attachment":"scroll","background-type":"","background-media":"","overlay-type":"","overlay-color":"","overlay-opacity":"","overlay-gradient":""},"tablet":{"background-color":"var(--ast-global-color-5)","background-image":"","background-repeat":"repeat","background-position":"center center","background-size":"auto","background-attachment":"scroll","background-type":"","background-media":"","overlay-type":"","overlay-color":"","overlay-opacity":"","overlay-gradient":""},"mobile":{"background-color":"var(--ast-global-color-5)","background-image":"","background-repeat":"repeat","background-position":"center center","background-size":"auto","background-attachment":"scroll","background-type":"","background-media":"","overlay-type":"","overlay-color":"","overlay-opacity":"","overlay-gradient":""}},"_joinchat":[]},"product_brand":[],"product_cat":[40],"product_tag":[37],"class_list":{"0":"post-2647","1":"product","2":"type-product","3":"status-publish","4":"has-post-thumbnail","6":"product_cat-corporal","7":"product_tag-mira-dror","8":"desktop-align-left","9":"tablet-align-left","10":"mobile-align-left","12":"first","13":"instock","14":"taxable","15":"shipping-taxable","16":"purchasable","17":"product-type-simple"},"uagb_featured_image_src":{"full":["https:\/\/martaalilab.com.ar\/tienda\/wp-content\/uploads\/2025\/03\/FEMME.webp",800,800,false],"thumbnail":["https:\/\/martaalilab.com.ar\/tienda\/wp-content\/uploads\/2025\/03\/FEMME-150x150.webp",150,150,true],"medium":["https:\/\/martaalilab.com.ar\/tienda\/wp-content\/uploads\/2025\/03\/FEMME-300x300.webp",300,300,true],"medium_large":["https:\/\/martaalilab.com.ar\/tienda\/wp-content\/uploads\/2025\/03\/FEMME-768x768.webp",768,768,true],"large":["https:\/\/martaalilab.com.ar\/tienda\/wp-content\/uploads\/2025\/03\/FEMME.webp",800,800,false],"1536x1536":["https:\/\/martaalilab.com.ar\/tienda\/wp-content\/uploads\/2025\/03\/FEMME.webp",800,800,false],"2048x2048":["https:\/\/martaalilab.com.ar\/tienda\/wp-content\/uploads\/2025\/03\/FEMME.webp",800,800,false],"woocommerce_thumbnail":["https:\/\/martaalilab.com.ar\/tienda\/wp-content\/uploads\/2025\/03\/FEMME-300x300.webp",300,300,true],"woocommerce_single":["https:\/\/martaalilab.com.ar\/tienda\/wp-content\/uploads\/2025\/03\/FEMME-600x600.webp",600,600,true],"woocommerce_gallery_thumbnail":["https:\/\/martaalilab.com.ar\/tienda\/wp-content\/uploads\/2025\/03\/FEMME-100x100.webp",100,100,true]},"uagb_author_info":{"display_name":"Marta","author_link":"https:\/\/martaalilab.com.ar\/tienda\/author\/"},"uagb_comment_info":0,"uagb_excerpt":"Ultra protecci\u00f3n \u00edntima \u2013 Control microbiano Lubricante Nueva f\u00f3rmula. No contiene petrolatos -100% origen vegetal y 100% natural. \u00c1PTO CEL\u00cdACOS. Presentaci\u00f3n: 60gr TIPOS DE PIEL: Sensible - Delicado","_links":{"self":[{"href":"https:\/\/martaalilab.com.ar\/tienda\/wp-json\/wp\/v2\/product\/2647","targetHints":{"allow":["GET"]}}],"collection":[{"href":"https:\/\/martaalilab.com.ar\/tienda\/wp-json\/wp\/v2\/product"}],"about":[{"href":"https:\/\/martaalilab.com.ar\/tienda\/wp-json\/wp\/v2\/types\/product"}],"wp:featuredmedia":[{"embeddable":true,"href":"https:\/\/martaalilab.com.ar\/tienda\/wp-json\/wp\/v2\/media\/3118"}],"wp:attachment":[{"href":"https:\/\/martaalilab.com.ar\/tienda\/wp-json\/wp\/v2\/media?parent=2647"}],"wp:term":[{"taxonomy":"product_brand","embeddable":true,"href":"https:\/\/martaalilab.com.ar\/tienda\/wp-json\/wp\/v2\/product_brand?post=2647"},{"taxonomy":"product_cat","embeddable":true,"href":"https:\/\/martaalilab.com.ar\/tienda\/wp-json\/wp\/v2\/product_cat?post=2647"},{"taxonomy":"product_tag","embeddable":true,"href":"https:\/\/martaalilab.com.ar\/tienda\/wp-json\/wp\/v2\/product_tag?post=2647"}],"curies":[{"name":"wp","href":"https:\/\/api.w.org\/{rel}","templated":true}]}}