{"id":2594,"date":"2025-01-11T11:21:02","date_gmt":"2025-01-11T14:21:02","guid":{"rendered":"https:\/\/marta.infinitoitproduccion.com\/?post_type=product&#038;p=2594"},"modified":"2025-10-29T10:04:50","modified_gmt":"2025-10-29T13:04:50","slug":"emulsion-tahis-bronceadora","status":"publish","type":"product","link":"https:\/\/martaalilab.com.ar\/tienda\/producto\/emulsion-tahis-bronceadora\/","title":{"rendered":"EMULSI\u00d3N TAHIS BRONCEADORA"},"content":{"rendered":"<p>Bronceado parejo con capacidad para perdurar en el tiempo<\/p>\n<p>Regenera y mantiene las propiedades el\u00e1sticas de la piel<\/p>\n<h6><strong>BENEFICIOS<\/strong><\/h6>\n<ul>\n<li>Acelera el bronceado<\/li>\n<li>Hidrata<\/li>\n<li>Elastiza y suaviza la piel<\/li>\n<li>Precauci\u00f3n: Posee muy bajo factor de protecci\u00f3n solar<\/li>\n<\/ul>\n<div class=\"large-2 col pb-0 mb-0\">\n<h6 class=\"uppercase mt\"><strong>INDICADO PARA MI<\/strong><\/h6>\n<\/div>\n<div class=\"large-10 col pb-0 mb-0\">\n<div class=\"panel entry-content\">\n<p>Est\u00e1 indicado para todas las pieles que necesiten estimular el bronceado y reducir el tiempo de exposici\u00f3n a los rayos solares. Es recomendable no exponerse al sol entre las 11 y 16hs.<\/p>\n<div class=\"large-2 col pb-0 mb-0\">\n<h6 class=\"uppercase mt\"><strong>ACTIVOS<\/strong><\/h6>\n<\/div>\n<div class=\"large-10 col pb-0 mb-0\">\n<div class=\"panel entry-content\">\n<p>Aceite de Coco, Flor de Tiara, Aloe Vera, Hammamelis e Hipericon.<\/p>\n<\/div>\n<\/div>\n<\/div>\n<\/div>\n","protected":false},"excerpt":{"rendered":"<p>Posee una armoniosa combinaci\u00f3n de Aceite de Coco y la flor de Tiara de la Polinesia. Los activos que contiene esta emulsi\u00f3n bronceadora permiten mantener la piel hidratada, suave y el\u00e1stica.<\/p>\n<p>TIPOS DE PIEL: Normal<\/p>\n","protected":false},"featured_media":3109,"template":"","meta":{"_uag_custom_page_level_css":"","site-sidebar-layout":"default","site-content-layout":"","ast-site-content-layout":"default","site-content-style":"default","site-sidebar-style":"default","ast-global-header-display":"","ast-banner-title-visibility":"","ast-main-header-display":"","ast-hfb-above-header-display":"","ast-hfb-below-header-display":"","ast-hfb-mobile-header-display":"","site-post-title":"","ast-breadcrumbs-content":"","ast-featured-img":"","footer-sml-layout":"","ast-disable-related-posts":"","theme-transparent-header-meta":"default","adv-header-id-meta":"","stick-header-meta":"","header-above-stick-meta":"","header-main-stick-meta":"","header-below-stick-meta":"","astra-migrate-meta-layouts":"set","ast-page-background-enabled":"default","ast-page-background-meta":{"desktop":{"background-color":"var(--ast-global-color-4)","background-image":"","background-repeat":"repeat","background-position":"center center","background-size":"auto","background-attachment":"scroll","background-type":"","background-media":"","overlay-type":"","overlay-color":"","overlay-opacity":"","overlay-gradient":""},"tablet":{"background-color":"","background-image":"","background-repeat":"repeat","background-position":"center center","background-size":"auto","background-attachment":"scroll","background-type":"","background-media":"","overlay-type":"","overlay-color":"","overlay-opacity":"","overlay-gradient":""},"mobile":{"background-color":"","background-image":"","background-repeat":"repeat","background-position":"center center","background-size":"auto","background-attachment":"scroll","background-type":"","background-media":"","overlay-type":"","overlay-color":"","overlay-opacity":"","overlay-gradient":""}},"ast-content-background-meta":{"desktop":{"background-color":"var(--ast-global-color-5)","background-image":"","background-repeat":"repeat","background-position":"center center","background-size":"auto","background-attachment":"scroll","background-type":"","background-media":"","overlay-type":"","overlay-color":"","overlay-opacity":"","overlay-gradient":""},"tablet":{"background-color":"var(--ast-global-color-5)","background-image":"","background-repeat":"repeat","background-position":"center center","background-size":"auto","background-attachment":"scroll","background-type":"","background-media":"","overlay-type":"","overlay-color":"","overlay-opacity":"","overlay-gradient":""},"mobile":{"background-color":"var(--ast-global-color-5)","background-image":"","background-repeat":"repeat","background-position":"center center","background-size":"auto","background-attachment":"scroll","background-type":"","background-media":"","overlay-type":"","overlay-color":"","overlay-opacity":"","overlay-gradient":""}},"_joinchat":[]},"product_brand":[],"product_cat":[40],"product_tag":[37],"class_list":{"0":"post-2594","1":"product","2":"type-product","3":"status-publish","4":"has-post-thumbnail","6":"product_cat-corporal","7":"product_tag-mira-dror","8":"desktop-align-left","9":"tablet-align-left","10":"mobile-align-left","12":"first","13":"instock","14":"taxable","15":"shipping-taxable","16":"product-type-grouped"},"uagb_featured_image_src":{"full":["https:\/\/martaalilab.com.ar\/tienda\/wp-content\/uploads\/2025\/01\/TAHIS.jpg",2560,1707,false],"thumbnail":["https:\/\/martaalilab.com.ar\/tienda\/wp-content\/uploads\/2025\/01\/TAHIS-150x150.jpg",150,150,true],"medium":["https:\/\/martaalilab.com.ar\/tienda\/wp-content\/uploads\/2025\/01\/TAHIS-300x200.jpg",300,200,true],"medium_large":["https:\/\/martaalilab.com.ar\/tienda\/wp-content\/uploads\/2025\/01\/TAHIS-768x512.jpg",768,512,true],"large":["https:\/\/martaalilab.com.ar\/tienda\/wp-content\/uploads\/2025\/01\/TAHIS-1024x683.jpg",1024,683,true],"1536x1536":["https:\/\/martaalilab.com.ar\/tienda\/wp-content\/uploads\/2025\/01\/TAHIS-1536x1024.jpg",1536,1024,true],"2048x2048":["https:\/\/martaalilab.com.ar\/tienda\/wp-content\/uploads\/2025\/01\/TAHIS-2048x1366.jpg",2048,1366,true],"woocommerce_thumbnail":["https:\/\/martaalilab.com.ar\/tienda\/wp-content\/uploads\/2025\/01\/TAHIS-300x300.jpg",300,300,true],"woocommerce_single":["https:\/\/martaalilab.com.ar\/tienda\/wp-content\/uploads\/2025\/01\/TAHIS-600x400.jpg",600,400,true],"woocommerce_gallery_thumbnail":["https:\/\/martaalilab.com.ar\/tienda\/wp-content\/uploads\/2025\/01\/TAHIS-100x100.jpg",100,100,true]},"uagb_author_info":{"display_name":"admin","author_link":"https:\/\/martaalilab.com.ar\/tienda\/author\/"},"uagb_comment_info":0,"uagb_excerpt":"Posee una armoniosa combinaci\u00f3n de Aceite de Coco y la flor de Tiara de la Polinesia. Los activos que contiene esta emulsi\u00f3n bronceadora permiten mantener la piel hidratada, suave y el\u00e1stica. TIPOS DE PIEL: Normal","_links":{"self":[{"href":"https:\/\/martaalilab.com.ar\/tienda\/wp-json\/wp\/v2\/product\/2594","targetHints":{"allow":["GET"]}}],"collection":[{"href":"https:\/\/martaalilab.com.ar\/tienda\/wp-json\/wp\/v2\/product"}],"about":[{"href":"https:\/\/martaalilab.com.ar\/tienda\/wp-json\/wp\/v2\/types\/product"}],"wp:featuredmedia":[{"embeddable":true,"href":"https:\/\/martaalilab.com.ar\/tienda\/wp-json\/wp\/v2\/media\/3109"}],"wp:attachment":[{"href":"https:\/\/martaalilab.com.ar\/tienda\/wp-json\/wp\/v2\/media?parent=2594"}],"wp:term":[{"taxonomy":"product_brand","embeddable":true,"href":"https:\/\/martaalilab.com.ar\/tienda\/wp-json\/wp\/v2\/product_brand?post=2594"},{"taxonomy":"product_cat","embeddable":true,"href":"https:\/\/martaalilab.com.ar\/tienda\/wp-json\/wp\/v2\/product_cat?post=2594"},{"taxonomy":"product_tag","embeddable":true,"href":"https:\/\/martaalilab.com.ar\/tienda\/wp-json\/wp\/v2\/product_tag?post=2594"}],"curies":[{"name":"wp","href":"https:\/\/api.w.org\/{rel}","templated":true}]}}