{"id":2559,"date":"2025-01-05T11:31:22","date_gmt":"2025-01-05T14:31:22","guid":{"rendered":"https:\/\/marta.infinitoitproduccion.com\/?post_type=product&#038;p=2559"},"modified":"2025-10-13T14:57:23","modified_gmt":"2025-10-13T17:57:23","slug":"emulsion-hidratante-corporal","status":"publish","type":"product","link":"https:\/\/martaalilab.com.ar\/tienda\/producto\/emulsion-hidratante-corporal\/","title":{"rendered":"EMULSI\u00d3N HIDRATANTE CORPORAL"},"content":{"rendered":"<h6><strong>BENEFICIOS<\/strong><\/h6>\n<ul>\n<li><span style=\"font-size: 16px;\">Entre sus P.A., destacamos la Cal\u00e9ndula: El aceite de cal\u00e9ndula <\/span>tiene potentes propiedades regeneradoras de la piel especialmente para las manos si han estado expuestas a duras condiciones de trabajo.<\/li>\n<li>Tambi\u00e9n ayudar\u00e1 en caso de v\u00e1rices y \u00falceras cr\u00f3nicas.<\/li>\n<\/ul>\n<h6><strong>INDICACIONES<\/strong><\/h6>\n<p>Es tan suave que puede aplicarse a los beb\u00e9s en casos de leves problemas de piel, dermatitis del pa\u00f1al. Tambi\u00e9n sirve para curar pezones agrietados.<\/p>\n<h6><strong>CONTIENE<\/strong><\/h6>\n<p>Hidroxietil Urea y Hammamelis<\/p>\n","protected":false},"excerpt":{"rendered":"<p>Emulsi\u00f3n humectante para todo el cuerpo<\/p>\n","protected":false},"featured_media":3099,"template":"","meta":{"_uag_custom_page_level_css":"","site-sidebar-layout":"default","site-content-layout":"","ast-site-content-layout":"default","site-content-style":"default","site-sidebar-style":"default","ast-global-header-display":"","ast-banner-title-visibility":"","ast-main-header-display":"","ast-hfb-above-header-display":"","ast-hfb-below-header-display":"","ast-hfb-mobile-header-display":"","site-post-title":"","ast-breadcrumbs-content":"","ast-featured-img":"","footer-sml-layout":"","ast-disable-related-posts":"","theme-transparent-header-meta":"default","adv-header-id-meta":"","stick-header-meta":"","header-above-stick-meta":"","header-main-stick-meta":"","header-below-stick-meta":"","astra-migrate-meta-layouts":"set","ast-page-background-enabled":"default","ast-page-background-meta":{"desktop":{"background-color":"var(--ast-global-color-4)","background-image":"","background-repeat":"repeat","background-position":"center center","background-size":"auto","background-attachment":"scroll","background-type":"","background-media":"","overlay-type":"","overlay-color":"","overlay-opacity":"","overlay-gradient":""},"tablet":{"background-color":"","background-image":"","background-repeat":"repeat","background-position":"center center","background-size":"auto","background-attachment":"scroll","background-type":"","background-media":"","overlay-type":"","overlay-color":"","overlay-opacity":"","overlay-gradient":""},"mobile":{"background-color":"","background-image":"","background-repeat":"repeat","background-position":"center center","background-size":"auto","background-attachment":"scroll","background-type":"","background-media":"","overlay-type":"","overlay-color":"","overlay-opacity":"","overlay-gradient":""}},"ast-content-background-meta":{"desktop":{"background-color":"var(--ast-global-color-5)","background-image":"","background-repeat":"repeat","background-position":"center center","background-size":"auto","background-attachment":"scroll","background-type":"","background-media":"","overlay-type":"","overlay-color":"","overlay-opacity":"","overlay-gradient":""},"tablet":{"background-color":"var(--ast-global-color-5)","background-image":"","background-repeat":"repeat","background-position":"center center","background-size":"auto","background-attachment":"scroll","background-type":"","background-media":"","overlay-type":"","overlay-color":"","overlay-opacity":"","overlay-gradient":""},"mobile":{"background-color":"var(--ast-global-color-5)","background-image":"","background-repeat":"repeat","background-position":"center center","background-size":"auto","background-attachment":"scroll","background-type":"","background-media":"","overlay-type":"","overlay-color":"","overlay-opacity":"","overlay-gradient":""}},"_joinchat":[]},"product_brand":[],"product_cat":[40],"product_tag":[37],"class_list":{"0":"post-2559","1":"product","2":"type-product","3":"status-publish","4":"has-post-thumbnail","6":"product_cat-corporal","7":"product_tag-mira-dror","8":"desktop-align-left","9":"tablet-align-left","10":"mobile-align-left","12":"first","13":"instock","14":"taxable","15":"shipping-taxable","16":"product-type-grouped"},"uagb_featured_image_src":{"full":["https:\/\/martaalilab.com.ar\/tienda\/wp-content\/uploads\/2025\/01\/EMUL-HIDRATANTE-CORPORAL.jpg",2560,1707,false],"thumbnail":["https:\/\/martaalilab.com.ar\/tienda\/wp-content\/uploads\/2025\/01\/EMUL-HIDRATANTE-CORPORAL-150x150.jpg",150,150,true],"medium":["https:\/\/martaalilab.com.ar\/tienda\/wp-content\/uploads\/2025\/01\/EMUL-HIDRATANTE-CORPORAL-300x200.jpg",300,200,true],"medium_large":["https:\/\/martaalilab.com.ar\/tienda\/wp-content\/uploads\/2025\/01\/EMUL-HIDRATANTE-CORPORAL-768x512.jpg",768,512,true],"large":["https:\/\/martaalilab.com.ar\/tienda\/wp-content\/uploads\/2025\/01\/EMUL-HIDRATANTE-CORPORAL-1024x683.jpg",1024,683,true],"1536x1536":["https:\/\/martaalilab.com.ar\/tienda\/wp-content\/uploads\/2025\/01\/EMUL-HIDRATANTE-CORPORAL-1536x1024.jpg",1536,1024,true],"2048x2048":["https:\/\/martaalilab.com.ar\/tienda\/wp-content\/uploads\/2025\/01\/EMUL-HIDRATANTE-CORPORAL-2048x1366.jpg",2048,1366,true],"woocommerce_thumbnail":["https:\/\/martaalilab.com.ar\/tienda\/wp-content\/uploads\/2025\/01\/EMUL-HIDRATANTE-CORPORAL-300x300.jpg",300,300,true],"woocommerce_single":["https:\/\/martaalilab.com.ar\/tienda\/wp-content\/uploads\/2025\/01\/EMUL-HIDRATANTE-CORPORAL-600x400.jpg",600,400,true],"woocommerce_gallery_thumbnail":["https:\/\/martaalilab.com.ar\/tienda\/wp-content\/uploads\/2025\/01\/EMUL-HIDRATANTE-CORPORAL-100x100.jpg",100,100,true]},"uagb_author_info":{"display_name":"admin","author_link":"https:\/\/martaalilab.com.ar\/tienda\/author\/"},"uagb_comment_info":0,"uagb_excerpt":"Emulsi\u00f3n humectante para todo el cuerpo","_links":{"self":[{"href":"https:\/\/martaalilab.com.ar\/tienda\/wp-json\/wp\/v2\/product\/2559","targetHints":{"allow":["GET"]}}],"collection":[{"href":"https:\/\/martaalilab.com.ar\/tienda\/wp-json\/wp\/v2\/product"}],"about":[{"href":"https:\/\/martaalilab.com.ar\/tienda\/wp-json\/wp\/v2\/types\/product"}],"wp:featuredmedia":[{"embeddable":true,"href":"https:\/\/martaalilab.com.ar\/tienda\/wp-json\/wp\/v2\/media\/3099"}],"wp:attachment":[{"href":"https:\/\/martaalilab.com.ar\/tienda\/wp-json\/wp\/v2\/media?parent=2559"}],"wp:term":[{"taxonomy":"product_brand","embeddable":true,"href":"https:\/\/martaalilab.com.ar\/tienda\/wp-json\/wp\/v2\/product_brand?post=2559"},{"taxonomy":"product_cat","embeddable":true,"href":"https:\/\/martaalilab.com.ar\/tienda\/wp-json\/wp\/v2\/product_cat?post=2559"},{"taxonomy":"product_tag","embeddable":true,"href":"https:\/\/martaalilab.com.ar\/tienda\/wp-json\/wp\/v2\/product_tag?post=2559"}],"curies":[{"name":"wp","href":"https:\/\/api.w.org\/{rel}","templated":true}]}}